{"id":1500,"date":"2025-03-19T13:51:32","date_gmt":"2025-03-19T12:51:32","guid":{"rendered":"https:\/\/lijo.hr\/?page_id=1500"},"modified":"2025-09-16T13:55:42","modified_gmt":"2025-09-16T11:55:42","slug":"pocetna-2","status":"publish","type":"page","link":"https:\/\/lijo.hr\/?page_id=1500","title":{"rendered":"Usluge"},"content":{"rendered":"\t\t<div data-elementor-type=\"wp-page\" data-elementor-id=\"1500\" class=\"elementor elementor-1500\">\n\t\t\t\t<div class=\"elementor-element elementor-element-5f74af3 e-flex e-con-boxed wpr-particle-no wpr-jarallax-no wpr-parallax-no wpr-sticky-section-no e-con e-parent\" data-id=\"5f74af3\" data-element_type=\"container\" data-settings=\"{&quot;background_background&quot;:&quot;classic&quot;}\">\n\t\t\t\t\t<div class=\"e-con-inner\">\n\t\t\t\t<div class=\"elementor-element elementor-element-48d940a elementor-widget elementor-widget-heading\" data-id=\"48d940a\" data-element_type=\"widget\" data-widget_type=\"heading.default\">\n\t\t\t\t<div class=\"elementor-widget-container\">\n\t\t\t\t\t<h2 class=\"elementor-heading-title elementor-size-default\">Na\u0161e usluge <\/h2>\t\t\t\t<\/div>\n\t\t\t\t<\/div>\n\t\t\t\t\t<\/div>\n\t\t\t\t<\/div>\n\t\t<div class=\"elementor-element elementor-element-21bf258 e-con-full e-flex wpr-particle-no wpr-jarallax-no wpr-parallax-no wpr-sticky-section-no e-con e-parent\" data-id=\"21bf258\" data-element_type=\"container\">\n\t\t<div class=\"elementor-element elementor-element-1228f34 e-con-full e-flex wpr-particle-no wpr-jarallax-no wpr-parallax-no wpr-sticky-section-no elementor-invisible e-con e-child\" data-id=\"1228f34\" data-element_type=\"container\" data-settings=\"{&quot;animation&quot;:&quot;fadeInLeft&quot;}\">\n\t\t\t\t<div class=\"elementor-element elementor-element-5f182cf elementor-widget elementor-widget-image\" data-id=\"5f182cf\" data-element_type=\"widget\" data-widget_type=\"image.default\">\n\t\t\t\t<div class=\"elementor-widget-container\">\n\t\t\t\t\t\t\t\t\t\t\t\t\t\t\t<img fetchpriority=\"high\" decoding=\"async\" width=\"600\" height=\"399\" src=\"https:\/\/lijo.hr\/wp-content\/uploads\/2018\/05\/deblja\u010da.jpg\" class=\"attachment-large size-large wp-image-171\" alt=\"\" srcset=\"https:\/\/lijo.hr\/wp-content\/uploads\/2018\/05\/deblja\u010da.jpg 600w, https:\/\/lijo.hr\/wp-content\/uploads\/2018\/05\/deblja\u010da-300x200.jpg 300w\" sizes=\"(max-width: 600px) 100vw, 600px\" \/>\t\t\t\t\t\t\t\t\t\t\t\t\t\t\t<\/div>\n\t\t\t\t<\/div>\n\t\t\t\t<\/div>\n\t\t<div class=\"elementor-element elementor-element-7269eae e-con-full e-flex wpr-particle-no wpr-jarallax-no wpr-parallax-no wpr-sticky-section-no e-con e-child\" data-id=\"7269eae\" data-element_type=\"container\" data-settings=\"{&quot;background_background&quot;:&quot;classic&quot;}\">\n\t\t\t\t<div class=\"elementor-element elementor-element-2c8cf93 elementor-widget-mobile__width-auto elementor-widget elementor-widget-text-editor\" data-id=\"2c8cf93\" data-element_type=\"widget\" data-widget_type=\"text-editor.default\">\n\t\t\t\t<div class=\"elementor-widget-container\">\n\t\t\t\t\t\t\t\t\t<h3><span style=\"font-size: 1.25rem; font-style: inherit; text-align: start;\">Servis strojeva u drvnoj industriji<\/span><\/h3><p>Obrt Lijo nudi stru\u010dan\u00a0servis strojeva\u00a0za drvnu industriju \u2013 brzo, precizno i s dugogodi\u0161njim iskustvom. Bilo da se radi o redovitom odr\u017eavanju, dijagnostici kvara ili popravku, na\u0161 servis osigurava pouzdan rad va\u0161ih strojeva i produ\u017euje njihov vijek trajanja.\u00a0<span style=\"font-style: inherit; font-weight: inherit;\">Servisiramo sve vrste strojeva u drvnoj industriji: industrijski i radioni\u010dki strojevi, rubne ljepilice (kanterice), brusilice, pile, CNC strojeve, ravnalice, deblja\u010de&#8230; \u00a0Obratite nam se s povjerenjem za kvalitetan i pravovremen <\/span>servis strojeva<span style=\"font-style: inherit; font-weight: inherit;\"> prilago\u0111en va\u0161im potrebama.<\/span><\/p>\t\t\t\t\t\t\t\t<\/div>\n\t\t\t\t<\/div>\n\t\t\t\t<\/div>\n\t\t\t\t<\/div>\n\t\t<div class=\"elementor-element elementor-element-2f60819 e-flex e-con-boxed wpr-particle-no wpr-jarallax-no wpr-parallax-no wpr-sticky-section-no e-con e-parent\" data-id=\"2f60819\" data-element_type=\"container\" data-settings=\"{&quot;background_background&quot;:&quot;classic&quot;}\">\n\t\t\t\t\t<div class=\"e-con-inner\">\n\t\t\t\t<div class=\"elementor-element elementor-element-9c79ffe elementor-invisible elementor-widget elementor-widget-image\" data-id=\"9c79ffe\" data-element_type=\"widget\" data-settings=\"{&quot;_animation&quot;:&quot;fadeInRight&quot;}\" data-widget_type=\"image.default\">\n\t\t\t\t<div class=\"elementor-widget-container\">\n\t\t\t\t\t\t\t\t\t\t\t\t\t\t\t<img decoding=\"async\" width=\"1024\" height=\"581\" src=\"https:\/\/lijo.hr\/wp-content\/uploads\/2025\/03\/Industrijska-mehanizacija1_lijo-1024x581.jpg\" class=\"attachment-large size-large wp-image-1526\" alt=\"servis strojeva\" srcset=\"https:\/\/lijo.hr\/wp-content\/uploads\/2025\/03\/Industrijska-mehanizacija1_lijo-1024x581.jpg 1024w, https:\/\/lijo.hr\/wp-content\/uploads\/2025\/03\/Industrijska-mehanizacija1_lijo-300x170.jpg 300w, https:\/\/lijo.hr\/wp-content\/uploads\/2025\/03\/Industrijska-mehanizacija1_lijo-768x435.jpg 768w, https:\/\/lijo.hr\/wp-content\/uploads\/2025\/03\/Industrijska-mehanizacija1_lijo-1536x871.jpg 1536w, https:\/\/lijo.hr\/wp-content\/uploads\/2025\/03\/Industrijska-mehanizacija1_lijo-2048x1161.jpg 2048w\" sizes=\"(max-width: 1024px) 100vw, 1024px\" \/>\t\t\t\t\t\t\t\t\t\t\t\t\t\t\t<\/div>\n\t\t\t\t<\/div>\n\t\t<div class=\"elementor-element elementor-element-13abc65 e-con-full e-flex wpr-particle-no wpr-jarallax-no wpr-parallax-no wpr-sticky-section-no e-con e-child\" data-id=\"13abc65\" data-element_type=\"container\" data-settings=\"{&quot;background_background&quot;:&quot;classic&quot;}\">\n\t\t\t\t<div class=\"elementor-element elementor-element-0328d96 elementor-widget elementor-widget-text-editor\" data-id=\"0328d96\" data-element_type=\"widget\" data-widget_type=\"text-editor.default\">\n\t\t\t\t<div class=\"elementor-widget-container\">\n\t\t\t\t\t\t\t\t\t<h3>Industrijska automatizacija za u\u010dinkovitiji rad strojeva<\/h3><p>Primjenjujemo tehnologiju i softver za upravljanje industrijskim procesima bez potrebe za ljudskom intervencijom te na taj na\u010din ubrzavamo proizvodni proces. Obrt Lijo nudi rje\u0161enja iz podru\u010dja industrijske automatizacije koja pove\u0107avaju produktivnost, sigurnost i preciznost u drvnoj industriji. Implementacijom naprednih automatiziranih sustava moderniziramo rad strojeva, smanjujemo potrebu za ru\u010dnim intervencijama i optimiziramo cijeli proizvodni proces. Na\u0161a usluga industrijske automatizacije prilago\u0111ena je konkretnim zahtjevima va\u0161eg poslovanja.<\/p>\t\t\t\t\t\t\t\t<\/div>\n\t\t\t\t<\/div>\n\t\t\t\t<\/div>\n\t\t\t\t\t<\/div>\n\t\t\t\t<\/div>\n\t\t<div class=\"elementor-element elementor-element-daf59dd e-flex e-con-boxed wpr-particle-no wpr-jarallax-no wpr-parallax-no wpr-sticky-section-no e-con e-parent\" data-id=\"daf59dd\" data-element_type=\"container\">\n\t\t\t\t\t<div class=\"e-con-inner\">\n\t\t<div class=\"elementor-element elementor-element-958d578 e-con-full e-flex wpr-particle-no wpr-jarallax-no wpr-parallax-no wpr-sticky-section-no elementor-invisible e-con e-child\" data-id=\"958d578\" data-element_type=\"container\" data-settings=\"{&quot;background_background&quot;:&quot;classic&quot;,&quot;animation&quot;:&quot;fadeInLeft&quot;}\">\n\t\t\t\t<div class=\"elementor-element elementor-element-8832474 elementor-widget-tablet__width-initial elementor-widget elementor-widget-image\" data-id=\"8832474\" data-element_type=\"widget\" data-widget_type=\"image.default\">\n\t\t\t\t<div class=\"elementor-widget-container\">\n\t\t\t\t\t\t\t\t\t\t\t\t\t\t\t<img decoding=\"async\" width=\"768\" height=\"554\" src=\"https:\/\/lijo.hr\/wp-content\/uploads\/2025\/03\/izrada-strojeva_lijo-768x554.jpg\" class=\"attachment-medium_large size-medium_large wp-image-1527\" alt=\"Servis i izrada strojeva\" srcset=\"https:\/\/lijo.hr\/wp-content\/uploads\/2025\/03\/izrada-strojeva_lijo-768x554.jpg 768w, https:\/\/lijo.hr\/wp-content\/uploads\/2025\/03\/izrada-strojeva_lijo-300x216.jpg 300w, https:\/\/lijo.hr\/wp-content\/uploads\/2025\/03\/izrada-strojeva_lijo-1024x738.jpg 1024w, https:\/\/lijo.hr\/wp-content\/uploads\/2025\/03\/izrada-strojeva_lijo.jpg 1384w\" sizes=\"(max-width: 768px) 100vw, 768px\" \/>\t\t\t\t\t\t\t\t\t\t\t\t\t\t\t<\/div>\n\t\t\t\t<\/div>\n\t\t\t\t<\/div>\n\t\t<div class=\"elementor-element elementor-element-2636d1b e-con-full e-flex wpr-particle-no wpr-jarallax-no wpr-parallax-no wpr-sticky-section-no e-con e-child\" data-id=\"2636d1b\" data-element_type=\"container\" data-settings=\"{&quot;background_background&quot;:&quot;classic&quot;}\">\n\t\t\t\t<div class=\"elementor-element elementor-element-c0cbcc3 elementor-widget elementor-widget-text-editor\" data-id=\"c0cbcc3\" data-element_type=\"widget\" data-widget_type=\"text-editor.default\">\n\t\t\t\t<div class=\"elementor-widget-container\">\n\t\t\t\t\t\t\t\t\t<h3>Izrada strojeva<\/h3><p class=\"\" data-start=\"124\" data-end=\"436\">Nudimo izradu strojeva za rukovanje razli\u010ditim materijalima prilago\u0111enih va\u0161im specifi\u010dnim potrebama i proizvodnim procesima (kranske dizalice, stroj za povratak komada, robotski manipulatori, elevatori&#8230;). Svaki stroj izra\u0111ujemo uz pa\u017eljivo planiranje, kori\u0161tenje kvalitetnih materijala i preciznu obradu, kako bismo osigurali visoku u\u010dinkovitost, dug vijek trajanja i sigurnost u radu.<\/p>\t\t\t\t\t\t\t\t<\/div>\n\t\t\t\t<\/div>\n\t\t\t\t<\/div>\n\t\t\t\t\t<\/div>\n\t\t\t\t<\/div>\n\t\t<div class=\"elementor-element elementor-element-4ba940d e-flex e-con-boxed wpr-particle-no wpr-jarallax-no wpr-parallax-no wpr-sticky-section-no e-con e-parent\" data-id=\"4ba940d\" data-element_type=\"container\" data-settings=\"{&quot;background_background&quot;:&quot;classic&quot;}\">\n\t\t\t\t\t<div class=\"e-con-inner\">\n\t\t\t\t<div class=\"elementor-element elementor-element-af5cb58 elementor-widget elementor-widget-image\" data-id=\"af5cb58\" data-element_type=\"widget\" data-widget_type=\"image.default\">\n\t\t\t\t<div class=\"elementor-widget-container\">\n\t\t\t\t\t\t\t\t\t\t\t\t\t\t\t<img loading=\"lazy\" decoding=\"async\" width=\"1024\" height=\"683\" src=\"https:\/\/lijo.hr\/wp-content\/uploads\/2025\/04\/Veliki-stroj_lijo-1-1024x683.jpg\" class=\"attachment-large size-large wp-image-1553\" alt=\"Servis i izrada strojeva\" srcset=\"https:\/\/lijo.hr\/wp-content\/uploads\/2025\/04\/Veliki-stroj_lijo-1-1024x683.jpg 1024w, https:\/\/lijo.hr\/wp-content\/uploads\/2025\/04\/Veliki-stroj_lijo-1-300x200.jpg 300w, https:\/\/lijo.hr\/wp-content\/uploads\/2025\/04\/Veliki-stroj_lijo-1-768x512.jpg 768w, https:\/\/lijo.hr\/wp-content\/uploads\/2025\/04\/Veliki-stroj_lijo-1-1536x1024.jpg 1536w, https:\/\/lijo.hr\/wp-content\/uploads\/2025\/04\/Veliki-stroj_lijo-1-2048x1365.jpg 2048w\" sizes=\"(max-width: 1024px) 100vw, 1024px\" \/>\t\t\t\t\t\t\t\t\t\t\t\t\t\t\t<\/div>\n\t\t\t\t<\/div>\n\t\t<div class=\"elementor-element elementor-element-1aad793 e-con-full e-flex wpr-particle-no wpr-jarallax-no wpr-parallax-no wpr-sticky-section-no e-con e-child\" data-id=\"1aad793\" data-element_type=\"container\" data-settings=\"{&quot;background_background&quot;:&quot;classic&quot;}\">\n\t\t\t\t<div class=\"elementor-element elementor-element-9376305 elementor-widget elementor-widget-text-editor\" data-id=\"9376305\" data-element_type=\"widget\" data-widget_type=\"text-editor.default\">\n\t\t\t\t<div class=\"elementor-widget-container\">\n\t\t\t\t\t\t\t\t\t<h3>Ostale usluge<\/h3><p>Uz sve navedene usluge dodatno jo\u0161 nudimo: preinake strojeva, upravljanje strojevima, rekonstrukcije, izrada agregata, monta\u017ea i demonta\u017ea strojeva, zamjena dijelova, kontrola elektronike i sve ostalo na upit.<\/p>\t\t\t\t\t\t\t\t<\/div>\n\t\t\t\t<\/div>\n\t\t\t\t<\/div>\n\t\t<div class=\"elementor-element elementor-element-c47e4f5 e-con-full e-flex wpr-particle-no wpr-jarallax-no wpr-parallax-no wpr-sticky-section-no elementor-invisible e-con e-child\" data-id=\"c47e4f5\" data-element_type=\"container\" data-settings=\"{&quot;animation&quot;:&quot;fadeInRight&quot;}\">\n\t\t\t\t<\/div>\n\t\t\t\t\t<\/div>\n\t\t\t\t<\/div>\n\t\t<div class=\"elementor-element elementor-element-4a4e6f1 e-flex e-con-boxed wpr-particle-no wpr-jarallax-no wpr-parallax-no wpr-sticky-section-no e-con e-parent\" data-id=\"4a4e6f1\" data-element_type=\"container\" data-settings=\"{&quot;background_background&quot;:&quot;classic&quot;}\">\n\t\t\t\t\t<div class=\"e-con-inner\">\n\t\t\t\t<div class=\"elementor-element elementor-element-7497ec5 elementor-align-center elementor-mobile-align-center elementor-widget elementor-widget-button\" data-id=\"7497ec5\" data-element_type=\"widget\" data-settings=\"{&quot;_animation&quot;:&quot;none&quot;}\" data-widget_type=\"button.default\">\n\t\t\t\t<div class=\"elementor-widget-container\">\n\t\t\t\t\t\t\t\t\t<div class=\"elementor-button-wrapper\">\n\t\t\t\t\t<a class=\"elementor-button elementor-button-link elementor-size-sm elementor-animation-shrink\" href=\"https:\/\/lijo.hr\/?page_id=1502\">\n\t\t\t\t\t\t<span class=\"elementor-button-content-wrapper\">\n\t\t\t\t\t\t\t\t\t<span class=\"elementor-button-text\">Kontakt<\/span>\n\t\t\t\t\t<\/span>\n\t\t\t\t\t<\/a>\n\t\t\t\t<\/div>\n\t\t\t\t\t\t\t\t<\/div>\n\t\t\t\t<\/div>\n\t\t\t\t\t<\/div>\n\t\t\t\t<\/div>\n\t\t\t\t<\/div>\n\t\t","protected":false},"excerpt":{"rendered":"<p>Na\u0161e usluge Servis strojeva u drvnoj industriji Obrt Lijo nudi stru\u010dan\u00a0servis strojeva\u00a0za drvnu industriju \u2013 brzo, precizno i s dugogodi\u0161njim iskustvom. Bilo da se radi o redovitom odr\u017eavanju, dijagnostici kvara ili popravku, na\u0161 servis osigurava pouzdan rad va\u0161ih strojeva i produ\u017euje njihov vijek trajanja.\u00a0Servisiramo sve vrste strojeva u drvnoj industriji: industrijski i radioni\u010dki strojevi, rubne ljepilice (kanterice), brusilice, pile, CNC strojeve, ravnalice, deblja\u010de&#8230; \u00a0Obratite nam se s povjerenjem za kvalitetan i pravovremen servis strojeva prilago\u0111en va\u0161im potrebama. Industrijska automatizacija za u\u010dinkovitiji rad strojeva Primjenjujemo tehnologiju i softver za upravljanje industrijskim procesima bez potrebe za ljudskom intervencijom te na taj na\u010din ubrzavamo proizvodni proces. Obrt Lijo nudi rje\u0161enja iz podru\u010dja industrijske automatizacije koja pove\u0107avaju produktivnost, sigurnost i preciznost u drvnoj industriji. Implementacijom naprednih automatiziranih sustava moderniziramo rad strojeva, smanjujemo potrebu za ru\u010dnim intervencijama i optimiziramo cijeli proizvodni proces. Na\u0161a usluga industrijske automatizacije prilago\u0111ena je konkretnim zahtjevima va\u0161eg poslovanja. Izrada strojeva Nudimo izradu strojeva za rukovanje razli\u010ditim materijalima prilago\u0111enih va\u0161im specifi\u010dnim potrebama i proizvodnim procesima (kranske dizalice, stroj za povratak komada, robotski manipulatori, elevatori&#8230;). Svaki stroj izra\u0111ujemo uz pa\u017eljivo planiranje, kori\u0161tenje kvalitetnih materijala i preciznu obradu, kako bismo osigurali visoku u\u010dinkovitost, dug vijek trajanja i sigurnost u radu. Ostale usluge Uz sve navedene usluge dodatno jo\u0161 nudimo: preinake strojeva, upravljanje strojevima, rekonstrukcije, izrada agregata, monta\u017ea i demonta\u017ea strojeva, zamjena dijelova, kontrola elektronike i sve ostalo na upit. Kontakt<\/p>\n","protected":false},"author":1,"featured_media":1553,"parent":0,"menu_order":0,"comment_status":"closed","ping_status":"closed","template":"","meta":{"_monsterinsights_skip_tracking":false,"_monsterinsights_sitenote_active":false,"_monsterinsights_sitenote_note":"","_monsterinsights_sitenote_category":0,"site-sidebar-layout":"no-sidebar","site-content-layout":"","ast-site-content-layout":"full-width-container","site-content-style":"default","site-sidebar-style":"default","ast-global-header-display":"","ast-banner-title-visibility":"","ast-main-header-display":"","ast-hfb-above-header-display":"","ast-hfb-below-header-display":"","ast-hfb-mobile-header-display":"","site-post-title":"","ast-breadcrumbs-content":"","ast-featured-img":"disabled","footer-sml-layout":"","theme-transparent-header-meta":"","adv-header-id-meta":"","stick-header-meta":"","header-above-stick-meta":"","header-main-stick-meta":"","header-below-stick-meta":"","astra-migrate-meta-layouts":"default","ast-page-background-enabled":"default","ast-page-background-meta":{"desktop":{"background-color":"var(--ast-global-color-5)","background-image":"","background-repeat":"repeat","background-position":"center center","background-size":"auto","background-attachment":"scroll","background-type":"","background-media":"","overlay-type":"","overlay-color":"","overlay-opacity":"","overlay-gradient":""},"tablet":{"background-color":"","background-image":"","background-repeat":"repeat","background-position":"center center","background-size":"auto","background-attachment":"scroll","background-type":"","background-media":"","overlay-type":"","overlay-color":"","overlay-opacity":"","overlay-gradient":""},"mobile":{"background-color":"","background-image":"","background-repeat":"repeat","background-position":"center center","background-size":"auto","background-attachment":"scroll","background-type":"","background-media":"","overlay-type":"","overlay-color":"","overlay-opacity":"","overlay-gradient":""}},"ast-content-background-meta":{"desktop":{"background-color":"var(--ast-global-color-4)","background-image":"","background-repeat":"repeat","background-position":"center center","background-size":"auto","background-attachment":"scroll","background-type":"","background-media":"","overlay-type":"","overlay-color":"","overlay-opacity":"","overlay-gradient":""},"tablet":{"background-color":"var(--ast-global-color-4)","background-image":"","background-repeat":"repeat","background-position":"center center","background-size":"auto","background-attachment":"scroll","background-type":"","background-media":"","overlay-type":"","overlay-color":"","overlay-opacity":"","overlay-gradient":""},"mobile":{"background-color":"var(--ast-global-color-4)","background-image":"","background-repeat":"repeat","background-position":"center center","background-size":"auto","background-attachment":"scroll","background-type":"","background-media":"","overlay-type":"","overlay-color":"","overlay-opacity":"","overlay-gradient":""}},"footnotes":""},"class_list":["post-1500","page","type-page","status-publish","has-post-thumbnail","hentry"],"_links":{"self":[{"href":"https:\/\/lijo.hr\/index.php?rest_route=\/wp\/v2\/pages\/1500","targetHints":{"allow":["GET"]}}],"collection":[{"href":"https:\/\/lijo.hr\/index.php?rest_route=\/wp\/v2\/pages"}],"about":[{"href":"https:\/\/lijo.hr\/index.php?rest_route=\/wp\/v2\/types\/page"}],"author":[{"embeddable":true,"href":"https:\/\/lijo.hr\/index.php?rest_route=\/wp\/v2\/users\/1"}],"replies":[{"embeddable":true,"href":"https:\/\/lijo.hr\/index.php?rest_route=%2Fwp%2Fv2%2Fcomments&post=1500"}],"version-history":[{"count":194,"href":"https:\/\/lijo.hr\/index.php?rest_route=\/wp\/v2\/pages\/1500\/revisions"}],"predecessor-version":[{"id":2186,"href":"https:\/\/lijo.hr\/index.php?rest_route=\/wp\/v2\/pages\/1500\/revisions\/2186"}],"wp:featuredmedia":[{"embeddable":true,"href":"https:\/\/lijo.hr\/index.php?rest_route=\/wp\/v2\/media\/1553"}],"wp:attachment":[{"href":"https:\/\/lijo.hr\/index.php?rest_route=%2Fwp%2Fv2%2Fmedia&parent=1500"}],"curies":[{"name":"wp","href":"https:\/\/api.w.org\/{rel}","templated":true}]}}